{"id":7830,"date":"2025-07-18T12:20:33","date_gmt":"2025-07-18T10:20:33","guid":{"rendered":"https:\/\/www.dcm-materiel-kine-sport.com\/?post_type=product&#038;p=7830"},"modified":"2025-09-23T07:07:36","modified_gmt":"2025-09-23T05:07:36","slug":"toorxfitness-in-motin-spray","status":"publish","type":"product","link":"https:\/\/www.dcm-materiel-kine-sport.com\/index.php\/produit\/toorxfitness-in-motin-spray\/","title":{"rendered":"TOORX: fitness in motin spray"},"content":{"rendered":"<p>Mat\u00e9riau Silicone<br \/>\nMarque Toorx<\/p>\n<p>Utilisations recommand\u00e9es pour le produit Tapis roulant<br \/>\nViscosit\u00e9 [relativement faible]\nUtilisations sp\u00e9cifiques du produit Lubrification pour tapis roulant<br \/>\nFormulaire d&rsquo;article Spray<br \/>\nNum\u00e9ro d&rsquo;identification du commerce mondial 08029975990088<\/p>\n<p>\u00c0 propos de cet article<br \/>\nRapide et facile \u00e0 utiliser<br \/>\nLubrifie parfaitement et uniform\u00e9ment la surface de course de votre tapis roulant<br \/>\nHuile de Silicone<br \/>\nR\u00e9duisez l&rsquo;usure, ajustez l&rsquo;amorti et le bruit pendant l&rsquo;entra\u00eenement sportif<br \/>\nA\u00e9rosol 200 ml (paille)<br \/>\nMADE IN ITALY<br \/>\nInformations sur le colis Bouteille<br \/>\nVolume de liquide 0,2 litres<br \/>\nPoids de l&rsquo;article 0,5 kilogrammes<\/p>\n","protected":false},"excerpt":{"rendered":"<p>Mat\u00e9riau Silicone Marque Toorx Utilisations recommand\u00e9es pour le produit Tapis roulant Viscosit\u00e9 [relativement faible] Utilisations sp\u00e9cifiques du produit Lubrification pour tapis roulant Formulaire d&rsquo;article Spray&#8230;<\/p>\n","protected":false},"featured_media":7831,"comment_status":"open","ping_status":"closed","template":"","meta":{"_monsterinsights_skip_tracking":false,"_monsterinsights_sitenote_active":false,"_monsterinsights_sitenote_note":"","_monsterinsights_sitenote_category":0},"product_brand":[],"product_cat":[46,83],"product_tag":[],"class_list":{"0":"post-7830","1":"product","2":"type-product","3":"status-publish","4":"has-post-thumbnail","6":"product_cat-autres-materiels-du-sport","7":"product_cat-promotion","9":"first","10":"instock","11":"sale","12":"shipping-taxable","13":"purchasable","14":"product-type-simple"},"aioseo_notices":[],"_links":{"self":[{"href":"https:\/\/www.dcm-materiel-kine-sport.com\/index.php\/wp-json\/wp\/v2\/product\/7830","targetHints":{"allow":["GET"]}}],"collection":[{"href":"https:\/\/www.dcm-materiel-kine-sport.com\/index.php\/wp-json\/wp\/v2\/product"}],"about":[{"href":"https:\/\/www.dcm-materiel-kine-sport.com\/index.php\/wp-json\/wp\/v2\/types\/product"}],"replies":[{"embeddable":true,"href":"https:\/\/www.dcm-materiel-kine-sport.com\/index.php\/wp-json\/wp\/v2\/comments?post=7830"}],"wp:featuredmedia":[{"embeddable":true,"href":"https:\/\/www.dcm-materiel-kine-sport.com\/index.php\/wp-json\/wp\/v2\/media\/7831"}],"wp:attachment":[{"href":"https:\/\/www.dcm-materiel-kine-sport.com\/index.php\/wp-json\/wp\/v2\/media?parent=7830"}],"wp:term":[{"taxonomy":"product_brand","embeddable":true,"href":"https:\/\/www.dcm-materiel-kine-sport.com\/index.php\/wp-json\/wp\/v2\/product_brand?post=7830"},{"taxonomy":"product_cat","embeddable":true,"href":"https:\/\/www.dcm-materiel-kine-sport.com\/index.php\/wp-json\/wp\/v2\/product_cat?post=7830"},{"taxonomy":"product_tag","embeddable":true,"href":"https:\/\/www.dcm-materiel-kine-sport.com\/index.php\/wp-json\/wp\/v2\/product_tag?post=7830"}],"curies":[{"name":"wp","href":"https:\/\/api.w.org\/{rel}","templated":true}]}}