{"id":7834,"date":"2025-07-18T13:11:35","date_gmt":"2025-07-18T11:11:35","guid":{"rendered":"https:\/\/www.dcm-materiel-kine-sport.com\/?post_type=product&#038;p=7834"},"modified":"2025-07-18T13:11:35","modified_gmt":"2025-07-18T11:11:35","slug":"cable-cefare-x2","status":"publish","type":"product","link":"https:\/\/www.dcm-materiel-kine-sport.com\/index.php\/produit\/cable-cefare-x2\/","title":{"rendered":"cable cefare x2"},"content":{"rendered":"<p>C\u00e2ble bipolaire pour Primo Pro et gamme X2, vendu \u00e0 l&rsquo;unit\u00e9 (identique \u00e0 celui vendu \u00e0 l&rsquo;origine avec votre appareil).<\/p>\n<p>Connecteur : Jack 2mm<\/p>\n<p>Conditionnement : C\u00e2ble vendu \u00e0 l&rsquo;unit\u00e9<\/p>\n<p>Appareils compatibles : Myo X2, Activ X2, Rehab X2, Primo pro, Peristim pro, Basic, Femina<\/p>\n<p>\u00c9lectrodes Compatibles : \u00c9lectrodes \u00e0 fil seulement<br \/>\nMarque<br \/>\nCEFAR<br \/>\n\u00c9tat<br \/>\nNeuf<br \/>\nType de c\u00e2ble<br \/>\nBipolaire<br \/>\nAppareil(s) compatible(s)<br \/>\nCefar Primo Pro, Cefar X2<br \/>\nContenu du sachet<br \/>\n1 c\u00e2ble<br \/>\nCouleur<br \/>\nGris fonc\u00e9<br \/>\nDimensions<br \/>\n135 cm<br \/>\nDispositif m\u00e9dical<br \/>\nCE 0473<\/p>\n","protected":false},"excerpt":{"rendered":"<p>C\u00e2ble bipolaire pour Primo Pro et gamme X2, vendu \u00e0 l&rsquo;unit\u00e9 (identique \u00e0 celui vendu \u00e0 l&rsquo;origine avec votre appareil). Connecteur : Jack 2mm Conditionnement&#8230;<\/p>\n","protected":false},"featured_media":7835,"comment_status":"open","ping_status":"closed","template":"","meta":{"_monsterinsights_skip_tracking":false,"_monsterinsights_sitenote_active":false,"_monsterinsights_sitenote_note":"","_monsterinsights_sitenote_category":0},"product_brand":[],"product_cat":[17],"product_tag":[],"class_list":{"0":"post-7834","1":"product","2":"type-product","3":"status-publish","4":"has-post-thumbnail","6":"product_cat-non-classe","8":"first","9":"instock","10":"shipping-taxable","11":"purchasable","12":"product-type-simple"},"aioseo_notices":[],"_links":{"self":[{"href":"https:\/\/www.dcm-materiel-kine-sport.com\/index.php\/wp-json\/wp\/v2\/product\/7834","targetHints":{"allow":["GET"]}}],"collection":[{"href":"https:\/\/www.dcm-materiel-kine-sport.com\/index.php\/wp-json\/wp\/v2\/product"}],"about":[{"href":"https:\/\/www.dcm-materiel-kine-sport.com\/index.php\/wp-json\/wp\/v2\/types\/product"}],"replies":[{"embeddable":true,"href":"https:\/\/www.dcm-materiel-kine-sport.com\/index.php\/wp-json\/wp\/v2\/comments?post=7834"}],"wp:featuredmedia":[{"embeddable":true,"href":"https:\/\/www.dcm-materiel-kine-sport.com\/index.php\/wp-json\/wp\/v2\/media\/7835"}],"wp:attachment":[{"href":"https:\/\/www.dcm-materiel-kine-sport.com\/index.php\/wp-json\/wp\/v2\/media?parent=7834"}],"wp:term":[{"taxonomy":"product_brand","embeddable":true,"href":"https:\/\/www.dcm-materiel-kine-sport.com\/index.php\/wp-json\/wp\/v2\/product_brand?post=7834"},{"taxonomy":"product_cat","embeddable":true,"href":"https:\/\/www.dcm-materiel-kine-sport.com\/index.php\/wp-json\/wp\/v2\/product_cat?post=7834"},{"taxonomy":"product_tag","embeddable":true,"href":"https:\/\/www.dcm-materiel-kine-sport.com\/index.php\/wp-json\/wp\/v2\/product_tag?post=7834"}],"curies":[{"name":"wp","href":"https:\/\/api.w.org\/{rel}","templated":true}]}}