{"id":7866,"date":"2025-07-19T11:10:31","date_gmt":"2025-07-19T09:10:31","guid":{"rendered":"https:\/\/www.dcm-materiel-kine-sport.com\/?post_type=product&#038;p=7866"},"modified":"2025-07-19T11:25:37","modified_gmt":"2025-07-19T09:25:37","slug":"haute-frequance","status":"publish","type":"product","link":"https:\/\/www.dcm-materiel-kine-sport.com\/index.php\/produit\/haute-frequance\/","title":{"rendered":"Haute fr\u00e8quance"},"content":{"rendered":"<p>\u00c0 quoi \u00e7a sert :<\/p>\n<p>Il est utilis\u00e9 pour :<\/p>\n<p>R\u00e9duire l&rsquo;acn\u00e9 et purifier la peau.<\/p>\n<p>Stimuler la circulation sanguine.<\/p>\n<p>Favoriser la production de collag\u00e8ne.<\/p>\n<p>D\u00e9sinfecter la peau apr\u00e8s un soin (comme l&rsquo;extraction des com\u00e9dons).<\/p>\n<p>Raffermir la peau et att\u00e9nuer les rides fines.<\/p>\n<p>\ud83e\uddea Les embouts en verre :<\/p>\n<p>L&rsquo;appareil vient avec plusieurs \u00e9lectrodes en verre, chacune ayant une forme diff\u00e9rente pour une zone sp\u00e9cifique :<\/p>\n<p>Champignon : pour les grandes surfaces du visage.<\/p>\n<p>Cuill\u00e8re courb\u00e9e : pour les zones cibl\u00e9es comme les boutons.<\/p>\n<p>Goutte d&rsquo;eau : pour les zones pr\u00e9cises (sous les yeux, petits boutons).<\/p>\n<p>Peigne : pour le cuir chevelu, stimule la pousse des cheveux.<\/p>\n<p>\u26a1 Fonctionnement :<\/p>\n<p>Il utilise des courants de haute fr\u00e9quence (HF) qui produisent de l\u2019ozone (O\u2083), ce qui a un effet antibact\u00e9rien et oxyg\u00e9nant.<\/p>\n","protected":false},"excerpt":{"rendered":"<p>\u00c0 quoi \u00e7a sert : Il est utilis\u00e9 pour : R\u00e9duire l&rsquo;acn\u00e9 et purifier la peau. Stimuler la circulation sanguine. Favoriser la production de collag\u00e8ne&#8230;.<\/p>\n","protected":false},"featured_media":7867,"comment_status":"open","ping_status":"closed","template":"","meta":{"_monsterinsights_skip_tracking":false,"_monsterinsights_sitenote_active":false,"_monsterinsights_sitenote_note":"","_monsterinsights_sitenote_category":0},"product_brand":[],"product_cat":[64],"product_tag":[],"class_list":{"0":"post-7866","1":"product","2":"type-product","3":"status-publish","4":"has-post-thumbnail","6":"product_cat-hydrafacial","8":"first","9":"instock","10":"shipping-taxable","11":"purchasable","12":"product-type-simple"},"aioseo_notices":[],"_links":{"self":[{"href":"https:\/\/www.dcm-materiel-kine-sport.com\/index.php\/wp-json\/wp\/v2\/product\/7866","targetHints":{"allow":["GET"]}}],"collection":[{"href":"https:\/\/www.dcm-materiel-kine-sport.com\/index.php\/wp-json\/wp\/v2\/product"}],"about":[{"href":"https:\/\/www.dcm-materiel-kine-sport.com\/index.php\/wp-json\/wp\/v2\/types\/product"}],"replies":[{"embeddable":true,"href":"https:\/\/www.dcm-materiel-kine-sport.com\/index.php\/wp-json\/wp\/v2\/comments?post=7866"}],"wp:featuredmedia":[{"embeddable":true,"href":"https:\/\/www.dcm-materiel-kine-sport.com\/index.php\/wp-json\/wp\/v2\/media\/7867"}],"wp:attachment":[{"href":"https:\/\/www.dcm-materiel-kine-sport.com\/index.php\/wp-json\/wp\/v2\/media?parent=7866"}],"wp:term":[{"taxonomy":"product_brand","embeddable":true,"href":"https:\/\/www.dcm-materiel-kine-sport.com\/index.php\/wp-json\/wp\/v2\/product_brand?post=7866"},{"taxonomy":"product_cat","embeddable":true,"href":"https:\/\/www.dcm-materiel-kine-sport.com\/index.php\/wp-json\/wp\/v2\/product_cat?post=7866"},{"taxonomy":"product_tag","embeddable":true,"href":"https:\/\/www.dcm-materiel-kine-sport.com\/index.php\/wp-json\/wp\/v2\/product_tag?post=7866"}],"curies":[{"name":"wp","href":"https:\/\/api.w.org\/{rel}","templated":true}]}}