{"id":7872,"date":"2025-07-19T13:08:36","date_gmt":"2025-07-19T11:08:36","guid":{"rendered":"https:\/\/www.dcm-materiel-kine-sport.com\/?post_type=product&#038;p=7872"},"modified":"2025-07-27T17:04:50","modified_gmt":"2025-07-27T15:04:50","slug":"ceinture-de-levage-massage-et-lifting-du-visage","status":"publish","type":"product","link":"https:\/\/www.dcm-materiel-kine-sport.com\/index.php\/produit\/ceinture-de-levage-massage-et-lifting-du-visage\/","title":{"rendered":"Ceinture de levage, massage et lifting du visage"},"content":{"rendered":"<p>EMS Double menton V forme ascenseur ceinture visage levage masseur visage minceur Vibration Lifting dispositif avec t\u00e9l\u00e9commande soins de la peau<br \/>\nMasser la peau du visage avec des dizaines de micro-courant et de photorajeunissement pour soulever et raffermir les contours du visage, resserrer et soulever la peau du visage de mani\u00e8re compl\u00e8te et cr\u00e9er des lignes faciales parfaites.<br \/>\nStimuler efficacement la production de collag\u00e8ne, favoriser la circulation sanguine, am\u00e9liorer l&rsquo;\u00e9lasticit\u00e9 de la peau, am\u00e9liorer le m\u00e9tabolisme, \u00e9liminer l&rsquo;exc\u00e8s de graisse du visage, diluer les ridules et vous donner un visage hydrat\u00e9 et lisse.<br \/>\n5 modes, 15 niveaux de r\u00e9glage de l&rsquo;intensit\u00e9, r\u00e9pondent aux besoins de diff\u00e9rents groupes de personnes et aident \u00e0 am\u00e9liorer divers probl\u00e8mes faciaux.<br \/>\n\u00c9quip\u00e9 d&rsquo;un patch de massage par impulsions, vous pouvez masser tout le corps, tel que le dos, les bras, les cuisses, la taille, l&rsquo;abdomen, les mollets, etc., tout en amincissant le visage.<br \/>\nLa conception de l&rsquo;anneau pliable \u00e0 180 \u00b0 le rend facile \u00e0 ranger et \u00e0 transporter, afin que vous puissiez prendre soin de votre peau en voyage ou en voyage.<br \/>\n\u00c9quip\u00e9 d&rsquo;une t\u00e9l\u00e9commande, il peut \u00eatre utilis\u00e9 pour allumer et \u00e9teindre la machine, ajuster le mode et la force, ce qui est plus facile \u00e0 utiliser et plus rapide \u00e0 utiliser.<\/p>\n","protected":false},"excerpt":{"rendered":"<ul>\n<li>Minceur et soin de la peau, anti-rides<\/li>\n<li>Stimule la production de collag\u00e8ne<\/li>\n<li>Favorise la circulation sanguine<\/li>\n<li>Am\u00e9liore l&rsquo;\u00e9lasticit\u00e9 de la peau<\/li>\n<li>Am\u00e9liore le m\u00e9tabolisme<\/li>\n<li>\u00c9limine l&rsquo;exc\u00e8s de graisse du visage<\/li>\n<li>5 modes, 15 niveaux de r\u00e9glage de l&rsquo;intensit\u00e9<\/li>\n<li>\u00c9quip\u00e9 d&rsquo;une t\u00e9l\u00e9commande pour le contr\u00f4le<\/li>\n<li>Pliable \u00e0 180\u00b0, facile \u00e0 ranger et \u00e0 transporter<\/li>\n<li>\u00c9quip\u00e9 d&rsquo;un patch de massage par impulsions pour masser tout le corps<\/li>\n<\/ul>\n","protected":false},"featured_media":7873,"comment_status":"open","ping_status":"closed","template":"","meta":{"_monsterinsights_skip_tracking":false,"_monsterinsights_sitenote_active":false,"_monsterinsights_sitenote_note":"","_monsterinsights_sitenote_category":0},"product_brand":[],"product_cat":[209,95],"product_tag":[],"class_list":{"0":"post-7872","1":"product","2":"type-product","3":"status-publish","4":"has-post-thumbnail","6":"product_cat-autre-esthetique","7":"product_cat-esthetique","9":"first","10":"instock","11":"shipping-taxable","12":"product-type-simple"},"aioseo_notices":[],"_links":{"self":[{"href":"https:\/\/www.dcm-materiel-kine-sport.com\/index.php\/wp-json\/wp\/v2\/product\/7872","targetHints":{"allow":["GET"]}}],"collection":[{"href":"https:\/\/www.dcm-materiel-kine-sport.com\/index.php\/wp-json\/wp\/v2\/product"}],"about":[{"href":"https:\/\/www.dcm-materiel-kine-sport.com\/index.php\/wp-json\/wp\/v2\/types\/product"}],"replies":[{"embeddable":true,"href":"https:\/\/www.dcm-materiel-kine-sport.com\/index.php\/wp-json\/wp\/v2\/comments?post=7872"}],"wp:featuredmedia":[{"embeddable":true,"href":"https:\/\/www.dcm-materiel-kine-sport.com\/index.php\/wp-json\/wp\/v2\/media\/7873"}],"wp:attachment":[{"href":"https:\/\/www.dcm-materiel-kine-sport.com\/index.php\/wp-json\/wp\/v2\/media?parent=7872"}],"wp:term":[{"taxonomy":"product_brand","embeddable":true,"href":"https:\/\/www.dcm-materiel-kine-sport.com\/index.php\/wp-json\/wp\/v2\/product_brand?post=7872"},{"taxonomy":"product_cat","embeddable":true,"href":"https:\/\/www.dcm-materiel-kine-sport.com\/index.php\/wp-json\/wp\/v2\/product_cat?post=7872"},{"taxonomy":"product_tag","embeddable":true,"href":"https:\/\/www.dcm-materiel-kine-sport.com\/index.php\/wp-json\/wp\/v2\/product_tag?post=7872"}],"curies":[{"name":"wp","href":"https:\/\/api.w.org\/{rel}","templated":true}]}}