{"id":7895,"date":"2025-07-24T12:28:52","date_gmt":"2025-07-24T10:28:52","guid":{"rendered":"https:\/\/www.dcm-materiel-kine-sport.com\/?post_type=product&#038;p=7895"},"modified":"2025-07-24T12:28:52","modified_gmt":"2025-07-24T10:28:52","slug":"presso-portatif-beurer-fm150","status":"publish","type":"product","link":"https:\/\/www.dcm-materiel-kine-sport.com\/index.php\/produit\/presso-portatif-beurer-fm150\/","title":{"rendered":"Presso portatif Beurer FM150"},"content":{"rendered":"<p>Massage par compression avec appareil de massage des jambes par compression pour le haut et le bas des jambes<br \/>\nL&rsquo;appareil de massage des jambes par compression FM 150 de Beurer am\u00e9liore la circulation sanguine gr\u00e2ce \u00e0 un massage des cuisses et des mollets. Le gonflage alternatif du coussin d&rsquo;air revitalise les jambes, soulage les tensions et d\u00e9tend les jambes lourdes et fatigu\u00e9es.<br \/>\nMassage par pression d&rsquo;air avec coussins d&rsquo;air qui se gonflent et se d\u00e9gonflent<br \/>\nDispositif m\u00e9dical<br \/>\nAm\u00e9liore la circulation sanguine veineuse<br \/>\nMassage revitalisant par compression<br \/>\npr\u00e9vient les varices et varicosit\u00e9s<br \/>\nFavorise la circulation sanguine et soulage les jambes lourdes et fatigu\u00e9es<br \/>\nAdaptation individuelle des deux brassards pour jambes \u00e0 l&rsquo;aide de la fermeture auto-agrippante<br \/>\nAvec touche d&rsquo;ARR\u00caT de s\u00e9curit\u00e9\/Arr\u00eat de s\u00e9curit\u00e9<br \/>\nD\u00e9gonflage rapide des coussins d&rsquo;air gr\u00e2ce \u00e0 la fonction de d\u00e9gonflage<br \/>\nGonflage alternatif des manchettes pour jambes<br \/>\nNettoyage facile avec un chiffon l\u00e9g\u00e8rement humide<br \/>\nUtilisation facile et agr\u00e9able gr\u00e2ce au commutateur manuel<br \/>\nIntensit\u00e9 du massage r\u00e9glable en continu<br \/>\nFonction minuteur avec 10\/20\/30 minutes<\/p>\n","protected":false},"excerpt":{"rendered":"<p>Appareil de massage des jambes par compression<br \/>\nMassage par pression d&rsquo;air avec coussins d&rsquo;air qui se gonflent et se d\u00e9gonflent<br \/>\nDispositif m\u00e9dical<br \/>\nAm\u00e9liore la circulation sanguine veineuse<\/p>\n","protected":false},"featured_media":0,"comment_status":"open","ping_status":"closed","template":"","meta":{"_monsterinsights_skip_tracking":false,"_monsterinsights_sitenote_active":false,"_monsterinsights_sitenote_note":"","_monsterinsights_sitenote_category":0},"product_brand":[],"product_cat":[20,23],"product_tag":[],"class_list":{"0":"post-7895","1":"product","2":"type-product","3":"status-publish","5":"product_cat-pressotherapie","6":"product_cat-pressotherapie-portatifs","8":"first","9":"instock","10":"shipping-taxable","11":"product-type-simple"},"aioseo_notices":[],"_links":{"self":[{"href":"https:\/\/www.dcm-materiel-kine-sport.com\/index.php\/wp-json\/wp\/v2\/product\/7895","targetHints":{"allow":["GET"]}}],"collection":[{"href":"https:\/\/www.dcm-materiel-kine-sport.com\/index.php\/wp-json\/wp\/v2\/product"}],"about":[{"href":"https:\/\/www.dcm-materiel-kine-sport.com\/index.php\/wp-json\/wp\/v2\/types\/product"}],"replies":[{"embeddable":true,"href":"https:\/\/www.dcm-materiel-kine-sport.com\/index.php\/wp-json\/wp\/v2\/comments?post=7895"}],"wp:attachment":[{"href":"https:\/\/www.dcm-materiel-kine-sport.com\/index.php\/wp-json\/wp\/v2\/media?parent=7895"}],"wp:term":[{"taxonomy":"product_brand","embeddable":true,"href":"https:\/\/www.dcm-materiel-kine-sport.com\/index.php\/wp-json\/wp\/v2\/product_brand?post=7895"},{"taxonomy":"product_cat","embeddable":true,"href":"https:\/\/www.dcm-materiel-kine-sport.com\/index.php\/wp-json\/wp\/v2\/product_cat?post=7895"},{"taxonomy":"product_tag","embeddable":true,"href":"https:\/\/www.dcm-materiel-kine-sport.com\/index.php\/wp-json\/wp\/v2\/product_tag?post=7895"}],"curies":[{"name":"wp","href":"https:\/\/api.w.org\/{rel}","templated":true}]}}