{"id":7905,"date":"2025-07-26T11:31:48","date_gmt":"2025-07-26T09:31:48","guid":{"rendered":"https:\/\/www.dcm-materiel-kine-sport.com\/?post_type=product&#038;p=7905"},"modified":"2025-08-15T23:07:45","modified_gmt":"2025-08-15T21:07:45","slug":"hydrafacial-smart-ice-blue-7-en-1","status":"publish","type":"product","link":"https:\/\/www.dcm-materiel-kine-sport.com\/index.php\/produit\/hydrafacial-smart-ice-blue-7-en-1\/","title":{"rendered":"Hydrafacial Smart Ice Blue 7 en 1"},"content":{"rendered":"<p>\ud83c\udf1f Voici ce que fait chaque embout du dispositif :<br \/>\nCam\u00e9ra de d\u00e9tection cutan\u00e9e haute d\u00e9finition (24 millions de pixels, imagerie multispectrale) : r\u00e9alise une analyse compl\u00e8te de la peau \u2014 couleur, \u00e9quilibre eau\u2011huile, inflammation, ridules, pores, pigmentation \u2014 pour proposer des traitements personnalis\u00e9s, avec reconnaissance faciale et stockage des r\u00e9sultats dans le cloud <\/p>\n<p>Peeling ultrasonique (scrubber) : \u00e9limine cellules mortes, exc\u00e8s de s\u00e9bum et r\u00e9sidus sans agresser la peau, pour un nettoyage en profondeur <\/p>\n<p>T\u00eate ultrasonique : convertit les ingr\u00e9dients actifs en particles plus petites pour optimiser leur absorption et nourrir les couches profondes de la peau<br \/>\nReddit<\/p>\n<p>Marteau froid (cold hammer) : apaise la peau apr\u00e8s traitement, resserre les pores, r\u00e9duit l\u2019inflammation et contribue \u00e0 am\u00e9liorer la fermet\u00e9 <\/p>\n<p>.<\/p>\n<p>Stylo ionique (spray gun ou bulle d\u2019ionisation) : diffuse une micro\u2011brumisation de nutriments et d\u2019eau pour hydrater intens\u00e9ment et revitaliser la peau <\/p>\n<p>.<\/p>\n<p>Stylo RF (radio\u2011fr\u00e9quence) : stimule la production de collag\u00e8ne, raffermit la peau, r\u00e9duit rides et rel\u00e2chement cutan\u00e9<br \/>\nELLE<\/p>\n<p>.<\/p>\n<p>Porte\u2011stylo de dermabrasion (hydra peeling) : exfoliation douce cibl\u00e9e, favorise la r\u00e9g\u00e9n\u00e9ration cellulaire et affine le grain de peau <\/p>\n<p>.<\/p>\n<p>\u2705 R\u00e9sultats et bienfaits du traitement complet :<br \/>\nDiagnostic intelligent et suivi client gr\u00e2ce \u00e0 l\u2019analyse photo et un stockage s\u00e9curis\u00e9 des donn\u00e9es, permettant de proposer un plan de soins personnalis\u00e9 <\/p>\n<p>Nettoyage efficace des pores, \u00e9limination des com\u00e9dons et salet\u00e9s pour une peau purifi\u00e9e <\/p>\n<p>Pores minimis\u00e9s et texture de peau affin\u00e9e <\/p>\n<p>Hydratation profonde et r\u00e9tention de l\u2019eau gr\u00e2ce aux techniques ultrasoniques et ioniques <\/p>\n<p>Effet tenseur et anti-\u00e2ge : rides liss\u00e9es, \u00e9lasticit\u00e9 restaur\u00e9e, peau raffermie et repulp\u00e9e <\/p>\n<p>Adapt\u00e9 \u00e0 divers types de peau : peau s\u00e8che, sensible, grasse, vieillissante, congestionn\u00e9e ou terne<\/p>\n","protected":false},"excerpt":{"rendered":"<p>Le syst\u00e8me intelligent de traitement cutan\u00e9 Ice Blue 7 en 1 collecte des images d\u00e9taill\u00e9es de la peau faciale gr\u00e2ce \u00e0 une cam\u00e9ra \u00e0 micro-port\u00e9e haute d\u00e9finition de 10 millions de pixels combin\u00e9e \u00e0 une technologie d&rsquo;imagerie tri-spectrale, ainsi qu&rsquo;\u00e0 un diagnostic et une analyse intelligents fournis par un moteur central d&rsquo;intelligence artificielle.<\/p>\n","protected":false},"featured_media":7906,"comment_status":"open","ping_status":"closed","template":"","meta":{"_monsterinsights_skip_tracking":false,"_monsterinsights_sitenote_active":false,"_monsterinsights_sitenote_note":"","_monsterinsights_sitenote_category":0},"product_brand":[],"product_cat":[95,64],"product_tag":[],"class_list":{"0":"post-7905","1":"product","2":"type-product","3":"status-publish","4":"has-post-thumbnail","6":"product_cat-esthetique","7":"product_cat-hydrafacial","9":"first","10":"instock","11":"shipping-taxable","12":"product-type-simple"},"aioseo_notices":[],"_links":{"self":[{"href":"https:\/\/www.dcm-materiel-kine-sport.com\/index.php\/wp-json\/wp\/v2\/product\/7905","targetHints":{"allow":["GET"]}}],"collection":[{"href":"https:\/\/www.dcm-materiel-kine-sport.com\/index.php\/wp-json\/wp\/v2\/product"}],"about":[{"href":"https:\/\/www.dcm-materiel-kine-sport.com\/index.php\/wp-json\/wp\/v2\/types\/product"}],"replies":[{"embeddable":true,"href":"https:\/\/www.dcm-materiel-kine-sport.com\/index.php\/wp-json\/wp\/v2\/comments?post=7905"}],"wp:featuredmedia":[{"embeddable":true,"href":"https:\/\/www.dcm-materiel-kine-sport.com\/index.php\/wp-json\/wp\/v2\/media\/7906"}],"wp:attachment":[{"href":"https:\/\/www.dcm-materiel-kine-sport.com\/index.php\/wp-json\/wp\/v2\/media?parent=7905"}],"wp:term":[{"taxonomy":"product_brand","embeddable":true,"href":"https:\/\/www.dcm-materiel-kine-sport.com\/index.php\/wp-json\/wp\/v2\/product_brand?post=7905"},{"taxonomy":"product_cat","embeddable":true,"href":"https:\/\/www.dcm-materiel-kine-sport.com\/index.php\/wp-json\/wp\/v2\/product_cat?post=7905"},{"taxonomy":"product_tag","embeddable":true,"href":"https:\/\/www.dcm-materiel-kine-sport.com\/index.php\/wp-json\/wp\/v2\/product_tag?post=7905"}],"curies":[{"name":"wp","href":"https:\/\/api.w.org\/{rel}","templated":true}]}}