{"id":7913,"date":"2025-07-27T15:48:51","date_gmt":"2025-07-27T13:48:51","guid":{"rendered":"https:\/\/www.dcm-materiel-kine-sport.com\/?post_type=product&#038;p=7913"},"modified":"2025-07-29T10:01:43","modified_gmt":"2025-07-29T08:01:43","slug":"machine-led-photomodulation-4-couleurs","status":"publish","type":"product","link":"https:\/\/www.dcm-materiel-kine-sport.com\/index.php\/produit\/machine-led-photomodulation-4-couleurs\/","title":{"rendered":"Machine LED Photomodulation 4 Couleurs"},"content":{"rendered":"<p>LED Lumi\u00e8re Beaut\u00e9 Lampe : \u00c9quipement LED de rajeunissement de la peau, appareil de beaut\u00e9 LED pour le visage, un outil de soin de la peau pour vous<br \/>\nLivr\u00e9 avec des Lunettes : Livr\u00e9 avec des lunettes pour la protection de vos yeux lors de la th\u00e9rapie<br \/>\nConception 3D : Conception 3D, traiter le probl\u00e8me de peau de mani\u00e8re plus efficace et compl\u00e8te.<br \/>\n<strong>Lumi\u00e8re Jaune<\/strong><br \/>\n583 nm (longueur d&rsquo;onde jaune)<br \/>\n<strong>Profondeur de p\u00e9n\u00e9tration de la peau: 1-2 nm<\/strong><br \/>\nEffet: am\u00e9lioration des rougeurs du visage, des taches rouges, lissage du gonflement rouge, \u00e9limination des pr\u00e9cipitations pigmentaires, am\u00e9lioration de la peau de la couperose, pr\u00e9vention de l&rsquo;expansion des vaisseaux sanguins rouges<\/p>\n<p><strong>Lumi\u00e8re Bleue<\/strong><br \/>\n423 nm (longueur d&rsquo;onde bleue)<br \/>\nProfondeur de p\u00e9n\u00e9tration de la peau: 1-2 nm<br \/>\nEffet: \u00e9limination de l&rsquo;acn\u00e9, \u00e9limination de la pr\u00e9cipitation pigmentaire, inhibition de la glande s\u00e9bac\u00e9e, lissage de la peau allergique<\/p>\n<p><strong>Lumi\u00e8re Rouge<\/strong><br \/>\n640 nm (longueur d&rsquo;onde rouge)<br \/>\nProfondeur de p\u00e9n\u00e9tration de la peau: 1-6 mm<br \/>\nEffet: r\u00e9g\u00e9n\u00e9ration des cellules de la peau, r\u00e9paration des taches d&rsquo;acn\u00e9 et des cicatrices, soulagement des douleurs, blanchiment de la peau, am\u00e9lioration de l&rsquo;\u00e9lasticit\u00e9 de la peau<\/p>\n<p><strong>Lumi\u00e8re Verte<\/strong><br \/>\n532nm (longueur d&rsquo;onde verte)<br \/>\nProfondeur de p\u00e9n\u00e9tration de la peau: 0,5-2 nm<br \/>\nEffet: fonction d&rsquo;\u00e9quilibre de la peau, r\u00e9duction de l&rsquo;excitation des glandes graisseuses, stabilisation, application de la peau sensible<\/p>\n","protected":false},"excerpt":{"rendered":"<p>Machine de beaut\u00e9 naturelle utilise la th\u00e9rapie par la lumi\u00e8re LED pour acc\u00e9l\u00e9rer la circulation de la peau pour anti-vieillissement, sans effet secondaire, sain et s\u00e9curitaire<br \/>\nLa technologie de th\u00e9rapie de photo, combine la lumi\u00e8re men\u00e9e par 4 couleurs qui a la longueur d&rsquo;onde diff\u00e9rente pour le traitement l\u00e9ger du probl\u00e8me de peau, aidant \u00e0 regagner le jeune regard<br \/>\nConception 3D, en utilisant 3 mani\u00e8res de lumi\u00e8re de visage pour traiter le probl\u00e8me de peau d&rsquo;une mani\u00e8re plus efficace et compl\u00e8te<br \/>\nLivr\u00e9 avec une lunette pour la protection de vos yeux lors de la th\u00e9rapie, qui est tr\u00e8s douce et r\u00e9fl\u00e9chie<br \/>\nUn bon outil de soin de la peau pour r\u00e9soudre les probl\u00e8mes de peau, tels que la peau jaune et fonc\u00e9e, l&rsquo;acn\u00e9 et les boutons sur tout le visage, les pores dilat\u00e9s, la peau l\u00e2che, etc.<\/p>\n","protected":false},"featured_media":7914,"comment_status":"open","ping_status":"closed","template":"","meta":{"_monsterinsights_skip_tracking":false,"_monsterinsights_sitenote_active":false,"_monsterinsights_sitenote_note":"","_monsterinsights_sitenote_category":0},"product_brand":[],"product_cat":[95,103],"product_tag":[],"class_list":{"0":"post-7913","1":"product","2":"type-product","3":"status-publish","4":"has-post-thumbnail","6":"product_cat-esthetique","7":"product_cat-led-pdt","9":"first","10":"instock","11":"shipping-taxable","12":"product-type-simple"},"aioseo_notices":[],"_links":{"self":[{"href":"https:\/\/www.dcm-materiel-kine-sport.com\/index.php\/wp-json\/wp\/v2\/product\/7913","targetHints":{"allow":["GET"]}}],"collection":[{"href":"https:\/\/www.dcm-materiel-kine-sport.com\/index.php\/wp-json\/wp\/v2\/product"}],"about":[{"href":"https:\/\/www.dcm-materiel-kine-sport.com\/index.php\/wp-json\/wp\/v2\/types\/product"}],"replies":[{"embeddable":true,"href":"https:\/\/www.dcm-materiel-kine-sport.com\/index.php\/wp-json\/wp\/v2\/comments?post=7913"}],"wp:featuredmedia":[{"embeddable":true,"href":"https:\/\/www.dcm-materiel-kine-sport.com\/index.php\/wp-json\/wp\/v2\/media\/7914"}],"wp:attachment":[{"href":"https:\/\/www.dcm-materiel-kine-sport.com\/index.php\/wp-json\/wp\/v2\/media?parent=7913"}],"wp:term":[{"taxonomy":"product_brand","embeddable":true,"href":"https:\/\/www.dcm-materiel-kine-sport.com\/index.php\/wp-json\/wp\/v2\/product_brand?post=7913"},{"taxonomy":"product_cat","embeddable":true,"href":"https:\/\/www.dcm-materiel-kine-sport.com\/index.php\/wp-json\/wp\/v2\/product_cat?post=7913"},{"taxonomy":"product_tag","embeddable":true,"href":"https:\/\/www.dcm-materiel-kine-sport.com\/index.php\/wp-json\/wp\/v2\/product_tag?post=7913"}],"curies":[{"name":"wp","href":"https:\/\/api.w.org\/{rel}","templated":true}]}}