{"id":7960,"date":"2025-07-30T00:02:23","date_gmt":"2025-07-29T22:02:23","guid":{"rendered":"https:\/\/www.dcm-materiel-kine-sport.com\/?post_type=product&#038;p=7960"},"modified":"2025-07-30T00:02:23","modified_gmt":"2025-07-29T22:02:23","slug":"lit-medical-electrique-4-articulations","status":"publish","type":"product","link":"https:\/\/www.dcm-materiel-kine-sport.com\/index.php\/produit\/lit-medical-electrique-4-articulations\/","title":{"rendered":"Lit medical \u00e9l\u00e9ctrique 4 articulations"},"content":{"rendered":"<p>Ce lit m\u00e9dical \u00e9lectrique multifonction est con\u00e7u pour r\u00e9pondre aux besoins des patients hospitalis\u00e9s tout en facilitant le travail du personnel soignant. Dot\u00e9 de 4 moteurs silencieux et \u00e9conomes en \u00e9nergie, il permet le r\u00e9glage motoris\u00e9 de l\u2019inclinaison du dossier (0-75\u00b0), de la partie jambes (-50 \u00e0 45\u00b0) ainsi que la rotation gauche\/droite jusqu\u2019\u00e0 45\u00b0, avec fonction de retournement automatique \u00e0 intervalles r\u00e9guliers pour pr\u00e9venir les escarres.<\/p>\n<p>Le cadre robuste est fabriqu\u00e9 en acier lamin\u00e9 \u00e0 froid de 1,0 mm d\u2019\u00e9paisseur, avec un rev\u00eatement en peinture \u00e9poxy Futian blanc. La structure est mont\u00e9e sur roulettes double face amortissantes, silencieuses et r\u00e9sistantes \u00e0 l\u2019usure. Le lit est livr\u00e9 avec de nombreux accessoires standard : t\u00eate de lit amovible en ABS inox, barri\u00e8res de s\u00e9curit\u00e9 avec syst\u00e8me de levage amorti, table \u00e0 manger en bois composite, support de perfusion, bassin de shampoing et cuvette de toilette.<\/p>\n<p>Le matelas fourni est en maille blanche coton dur, avec plusieurs options de remplissage : coton, marron + coton, ou latex + marron, selon les pr\u00e9f\u00e9rences ou les besoins m\u00e9dicaux.<\/p>\n<p>Ce lit est particuli\u00e8rement adapt\u00e9 aux cliniques, h\u00f4pitaux, centres de soins \u00e0 domicile ou maisons de retraite, alliant s\u00e9curit\u00e9, ergonomie et confort.<\/p>\n","protected":false},"excerpt":{"rendered":"<p>Lit m\u00e9dical \u00e9lectrique multifonction \u00e9quip\u00e9 de 4 moteurs silencieux, con\u00e7u pour un confort optimal des patients avec fonctionnalit\u00e9s de levage, inclinaison, retournement automatique, et accessoires complets int\u00e9gr\u00e9s. Id\u00e9al pour les \u00e9tablissements de sant\u00e9.<\/p>\n","protected":false},"featured_media":7961,"comment_status":"open","ping_status":"closed","template":"","meta":{"_monsterinsights_skip_tracking":false,"_monsterinsights_sitenote_active":false,"_monsterinsights_sitenote_note":"","_monsterinsights_sitenote_category":0},"product_brand":[],"product_cat":[40,59],"product_tag":[],"class_list":{"0":"post-7960","1":"product","2":"type-product","3":"status-publish","4":"has-post-thumbnail","6":"product_cat-lits-medicals","7":"product_cat-mobiliers-medicales","9":"first","10":"instock","11":"shipping-taxable","12":"product-type-simple"},"aioseo_notices":[],"_links":{"self":[{"href":"https:\/\/www.dcm-materiel-kine-sport.com\/index.php\/wp-json\/wp\/v2\/product\/7960","targetHints":{"allow":["GET"]}}],"collection":[{"href":"https:\/\/www.dcm-materiel-kine-sport.com\/index.php\/wp-json\/wp\/v2\/product"}],"about":[{"href":"https:\/\/www.dcm-materiel-kine-sport.com\/index.php\/wp-json\/wp\/v2\/types\/product"}],"replies":[{"embeddable":true,"href":"https:\/\/www.dcm-materiel-kine-sport.com\/index.php\/wp-json\/wp\/v2\/comments?post=7960"}],"wp:featuredmedia":[{"embeddable":true,"href":"https:\/\/www.dcm-materiel-kine-sport.com\/index.php\/wp-json\/wp\/v2\/media\/7961"}],"wp:attachment":[{"href":"https:\/\/www.dcm-materiel-kine-sport.com\/index.php\/wp-json\/wp\/v2\/media?parent=7960"}],"wp:term":[{"taxonomy":"product_brand","embeddable":true,"href":"https:\/\/www.dcm-materiel-kine-sport.com\/index.php\/wp-json\/wp\/v2\/product_brand?post=7960"},{"taxonomy":"product_cat","embeddable":true,"href":"https:\/\/www.dcm-materiel-kine-sport.com\/index.php\/wp-json\/wp\/v2\/product_cat?post=7960"},{"taxonomy":"product_tag","embeddable":true,"href":"https:\/\/www.dcm-materiel-kine-sport.com\/index.php\/wp-json\/wp\/v2\/product_tag?post=7960"}],"curies":[{"name":"wp","href":"https:\/\/api.w.org\/{rel}","templated":true}]}}