{"id":7979,"date":"2025-07-30T10:00:23","date_gmt":"2025-07-30T08:00:23","guid":{"rendered":"https:\/\/www.dcm-materiel-kine-sport.com\/?post_type=product&#038;p=7979"},"modified":"2025-07-30T10:00:23","modified_gmt":"2025-07-30T08:00:23","slug":"appareil-de-micronedling-facial","status":"publish","type":"product","link":"https:\/\/www.dcm-materiel-kine-sport.com\/index.php\/produit\/appareil-de-micronedling-facial\/","title":{"rendered":"Appareil de micronedling facial"},"content":{"rendered":"<p>Qu&rsquo;est-ce que le microcristal d&rsquo;or radiofr\u00e9quence ? Le microcristal d&rsquo;or radiofr\u00e9quence est une combinaison ing\u00e9nieuse de microcristal et de radiofr\u00e9quence. Le mot \u00ab or \u00bb provient de la couche d&rsquo;or microcristalline, \u00e9galement jaune dor\u00e9. Lors du traitement, le m\u00e9decin ajuste la profondeur de p\u00e9n\u00e9tration et l&rsquo;\u00e9nergie de radiofr\u00e9quence microcristalline en fonction de la position du cristal et du traitement. Le syst\u00e8me de contr\u00f4le \u00e9lectronique permet ensuite \u00e0 des dizaines de c\u00e9ramiques isolantes de p\u00e9n\u00e9trer rapidement la peau gr\u00e2ce \u00e0 l&rsquo;\u00e9nergie de radiofr\u00e9quence de la pointe du microcristal, puis de la retirer rapidement. Le cycle se poursuit jusqu&rsquo;\u00e0 la fin du traitement, o\u00f9 les ingr\u00e9dients cosm\u00e9tiques sont appliqu\u00e9s. Quelles affections cutan\u00e9es peuvent \u00eatre trait\u00e9es par le microneedling Secret RF ? * Ridules et rel\u00e2chement cutan\u00e9 du contour des yeux et de la bouche * Rides du visage * Acn\u00e9, varicelle et cicatrices traumatiques * Laxit\u00e9 cutan\u00e9e l\u00e9g\u00e8re \u00e0 mod\u00e9r\u00e9e sur le visage, le cou et le d\u00e9collet\u00e9 * Texture et teint irr\u00e9guliers * Pores dilat\u00e9s et visibles * Vergetures Quels sont les avantages de la technologie RF fractionn\u00e9e ? Secret RF utilise une technologie RF fractionn\u00e9e pour minimiser les temps d&rsquo;arr\u00eat et optimiser les r\u00e9sultats. Le pourcentage de peau trait\u00e9e est ajust\u00e9 en fonction de l&rsquo;\u00e9tat de chaque patient. Traiter la zone enti\u00e8re en une seule fois entra\u00eenerait une convalescence tr\u00e8s longue, avec un risque \u00e9lev\u00e9 d&rsquo;infection et de complications post-traitement. Traiter une portion fractionn\u00e9e de la peau permet une r\u00e9cup\u00e9ration beaucoup plus rapide et minimise les risques et les complications. En effectuant une s\u00e9rie de traitements, la RF fractionn\u00e9e traite chaque cellule au moins une fois. Vous obtenez ainsi la m\u00eame efficacit\u00e9 qu&rsquo;un traitement invasif, avec moins de risques et une convalescence plus courte.<\/p>\n","protected":false},"excerpt":{"rendered":"<p>Anti-rides, raffermissant la peau, am\u00e9liorant les pseudo-rides, dissolvant les graisses, modelant et liftant.<br \/>\nAm\u00e9liore rapidement les sympt\u00f4mes ternes et sans \u00e9clat, am\u00e9liore la peau s\u00e8che et le teint jaun\u00e2tre, \u00e9claircit la peau et la rend plus tendre.<br \/>\nFavorise activement la circulation lymphatique du visage, r\u00e9sout le probl\u00e8me de l&rsquo;\u0153d\u00e8me cutan\u00e9.<br \/>\nLifting et raffermissement de la peau, r\u00e9solution efficace du probl\u00e8me de l&rsquo;affaissement du visage, modelage du visage d\u00e9licat, r\u00e9paration des vergetures.<br \/>\n\u00c9limine les poches et les rides du contour des yeux. R\u00e9duit les pores, r\u00e9pare les cicatrices et apaise la peau.<\/p>\n","protected":false},"featured_media":7980,"comment_status":"open","ping_status":"closed","template":"","meta":{"_monsterinsights_skip_tracking":false,"_monsterinsights_sitenote_active":false,"_monsterinsights_sitenote_note":"","_monsterinsights_sitenote_category":0},"product_brand":[],"product_cat":[17],"product_tag":[],"class_list":{"0":"post-7979","1":"product","2":"type-product","3":"status-publish","4":"has-post-thumbnail","6":"product_cat-non-classe","8":"first","9":"instock","10":"shipping-taxable","11":"product-type-simple"},"aioseo_notices":[],"_links":{"self":[{"href":"https:\/\/www.dcm-materiel-kine-sport.com\/index.php\/wp-json\/wp\/v2\/product\/7979","targetHints":{"allow":["GET"]}}],"collection":[{"href":"https:\/\/www.dcm-materiel-kine-sport.com\/index.php\/wp-json\/wp\/v2\/product"}],"about":[{"href":"https:\/\/www.dcm-materiel-kine-sport.com\/index.php\/wp-json\/wp\/v2\/types\/product"}],"replies":[{"embeddable":true,"href":"https:\/\/www.dcm-materiel-kine-sport.com\/index.php\/wp-json\/wp\/v2\/comments?post=7979"}],"wp:featuredmedia":[{"embeddable":true,"href":"https:\/\/www.dcm-materiel-kine-sport.com\/index.php\/wp-json\/wp\/v2\/media\/7980"}],"wp:attachment":[{"href":"https:\/\/www.dcm-materiel-kine-sport.com\/index.php\/wp-json\/wp\/v2\/media?parent=7979"}],"wp:term":[{"taxonomy":"product_brand","embeddable":true,"href":"https:\/\/www.dcm-materiel-kine-sport.com\/index.php\/wp-json\/wp\/v2\/product_brand?post=7979"},{"taxonomy":"product_cat","embeddable":true,"href":"https:\/\/www.dcm-materiel-kine-sport.com\/index.php\/wp-json\/wp\/v2\/product_cat?post=7979"},{"taxonomy":"product_tag","embeddable":true,"href":"https:\/\/www.dcm-materiel-kine-sport.com\/index.php\/wp-json\/wp\/v2\/product_tag?post=7979"}],"curies":[{"name":"wp","href":"https:\/\/api.w.org\/{rel}","templated":true}]}}